{"id":14,"date":"2013-03-17T17:50:56","date_gmt":"2013-03-17T16:50:56","guid":{"rendered":"http:\/\/www.maxreportage.com\/?page_id=14"},"modified":"2025-01-08T11:31:26","modified_gmt":"2025-01-08T10:31:26","slug":"a-propos","status":"publish","type":"page","link":"https:\/\/www.maxreportage.com\/?page_id=14","title":{"rendered":"\u00c0 propos"},"content":{"rendered":"<h3 style=\"text-align: left;\"><\/h3>\n<h2><span style=\"color: #ffcc00;\"><strong><a href=\"https:\/\/www.maxreportage.com\/wp-content\/uploads\/2013\/03\/portrait-Tesla-web.jpg\" rel=\"attachment wp-att-990\"><img loading=\"lazy\" decoding=\"async\" class=\"alignleft size-medium wp-image-990\" src=\"https:\/\/www.maxreportage.com\/wp-content\/uploads\/2013\/03\/portrait-Tesla-web-200x300.jpg\" alt=\"portrait Tesla - web\" width=\"200\" height=\"300\" srcset=\"https:\/\/www.maxreportage.com\/wp-content\/uploads\/2013\/03\/portrait-Tesla-web-200x300.jpg 200w, https:\/\/www.maxreportage.com\/wp-content\/uploads\/2013\/03\/portrait-Tesla-web.jpg 267w\" sizes=\"auto, (max-width: 200px) 100vw, 200px\" \/><\/a>La vid\u00e9o \u00e0 grande vitesse<\/strong><\/span><\/h2>\n<p><strong>Journaliste r\u00e9dacteur et reporter d&rsquo;images sp\u00e9cialis\u00e9 dans la presse auto\/moto depuis 2000.<\/strong><\/p>\n<p><strong>Je suis en mesure de r\u00e9diger, filmer et monter et diffuser des sujets en solo et en temps record pour obtenir des exclusivit\u00e9s.<\/strong><\/p>\n<p><strong>J&rsquo;ai d\u00e9but\u00e9 ma carri\u00e8re sur le site automobile du groupe Nouvel Observateur (Challenge.fr) avant de rejoindre le groupe Mondadori (<a href=\"https:\/\/www.autojournal.fr\">L&rsquo;Auto-Journal<\/a>, <a href=\"https:\/\/www.autoplus.fr\">Auto Plus<\/a> et \u00a0<a href=\"https:\/\/sportauto.autojournal.fr\">Sport Auto<\/a>) pendant 10 ans.<\/strong><\/p>\n<p><strong>En tant qu&rsquo;essayeur, j&rsquo;ai rapidement remplac\u00e9 le carnet de note par une mini cam\u00e9ra. Et lors de la cr\u00e9ation de Youtube en 2007, j&rsquo;ai diffus\u00e9 ces prises de note num\u00e9riques sous la forme de vid\u00e9os amateurs sur la cha\u00eene\u00a0<a href=\"http:\/\/www.youtube.com\/supervroum2\" target=\"_blank\" rel=\"noopener noreferrer\">SUPERVROUM2<\/a>.<\/strong><\/p>\n<p><strong>Cette cha\u00eene sans but lucratif a enregistr\u00e9 d&rsquo;excellents r\u00e9sultats mais mon\u00a0employeur ne souhaitait pas en profiter. J&rsquo;ai donc d\u00e9cid\u00e9 de voler de mes propres ailes en janvier 2013.<\/strong><\/p>\n<p><strong>J&rsquo;ai ensuite collabor\u00e9 comme r\u00e9dacteur en chef adjoint aux Hors\u00a0S\u00e9rie pour <a href=\"https:\/\/www.largus.fr\/\">l&rsquo;Argus<\/a>\u00a0puis comme reporter\u00a0pour de nombreux magazines (VSD, l&rsquo;Equipe, AUTO-MOTO, Moto-Journal, Auto Hebdo, Auto Retro, OPTION auto, Motorsport-Magazine, Followed Magazine&#8230;) mais aussi le WEB (<a href=\"https:\/\/www.autonews.fr\">Autonews.fr<\/a>, <a href=\"https:\/\/www.motorlive.tv\">Motorlive.tv<\/a>) et la TV (<a href=\"https:\/\/www.turbo.fr\">Turbo M6<\/a>, <a href=\"https:\/\/www.canalplus.com\/c8\/direct-auto\">DirectAuto sur C8<\/a>, <a href=\"https:\/\/www.tf1.fr\/tf1\/auto-moto\">Auto-Moto sur TF1<\/a>).\u00a0<\/strong><\/p>\n<p><strong>De 2014 \u00e0 2021, j&rsquo;ai g\u00e9r\u00e9 seul la rubrique deux-roues du magazine\u00a0<\/strong><b><a href=\"https:\/\/www.auto-moto.com\">Auto-Moto<\/a> et contribu\u00e9 au d\u00e9veloppement de son site et de sa chaine\u00a0Youtube. Depuis 2021, je me concentre sur les chaines Youtube de <a href=\"https:\/\/www.youtube.com\/channel\/UCjsgbvUWf6_gYe5Fc4xpSBg\">Automobile-Propre<\/a> et <a href=\"https:\/\/www.youtube.com\/c\/Cleanrider?app=desktop\">Clean Rider<\/a>, de nouveaux medias sp\u00e9cialis\u00e9s dans les v\u00e9hicules \u00e9lectriques. <\/b><\/p>\n<p><b>Toutes mes vid\u00e9os sont regroup\u00e9es dans la rubrique PLAYLIST de ma chaine Youtube <a href=\"https:\/\/www.youtube.com\/maxreportage\">MAXreportage<\/a>. Une chaine qui regroupait plus de 55 000 abonn\u00e9s en janvier 2025.\u00a0<\/b><\/p>\n<p style=\"text-align: left;\"><strong><span style=\"color: #ffcc00;\">\u00a0<\/span><\/strong><\/p>\n","protected":false},"excerpt":{"rendered":"<p>La vid\u00e9o \u00e0 grande vitesse Journaliste r\u00e9dacteur et reporter d&rsquo;images sp\u00e9cialis\u00e9 dans la presse auto\/moto depuis 2000. Je suis en mesure de r\u00e9diger, filmer et monter et diffuser des sujets en solo et en temps record pour obtenir&nbsp;[&#8230;]<br \/><input type=\"submit\" onClick=\"location.href='https:\/\/www.maxreportage.com\/?page_id=14'\" class=\"all_button default_button more_button\" value='Lire plus' \/><\/p>\n","protected":false},"author":1,"featured_media":0,"parent":0,"menu_order":0,"comment_status":"closed","ping_status":"closed","template":"","meta":{"footnotes":""},"class_list":["post-14","page","type-page","status-publish","hentry"],"_links":{"self":[{"href":"https:\/\/www.maxreportage.com\/index.php?rest_route=\/wp\/v2\/pages\/14","targetHints":{"allow":["GET"]}}],"collection":[{"href":"https:\/\/www.maxreportage.com\/index.php?rest_route=\/wp\/v2\/pages"}],"about":[{"href":"https:\/\/www.maxreportage.com\/index.php?rest_route=\/wp\/v2\/types\/page"}],"author":[{"embeddable":true,"href":"https:\/\/www.maxreportage.com\/index.php?rest_route=\/wp\/v2\/users\/1"}],"replies":[{"embeddable":true,"href":"https:\/\/www.maxreportage.com\/index.php?rest_route=%2Fwp%2Fv2%2Fcomments&post=14"}],"version-history":[{"count":84,"href":"https:\/\/www.maxreportage.com\/index.php?rest_route=\/wp\/v2\/pages\/14\/revisions"}],"predecessor-version":[{"id":1161,"href":"https:\/\/www.maxreportage.com\/index.php?rest_route=\/wp\/v2\/pages\/14\/revisions\/1161"}],"wp:attachment":[{"href":"https:\/\/www.maxreportage.com\/index.php?rest_route=%2Fwp%2Fv2%2Fmedia&parent=14"}],"curies":[{"name":"wp","href":"https:\/\/api.w.org\/{rel}","templated":true}]}}